{"id":38,"date":"2021-08-26T12:19:34","date_gmt":"2021-08-26T12:19:34","guid":{"rendered":"http:\/\/dummy.xtemos.com\/woodmart2\/elementor\/?page_id=38"},"modified":"2026-01-03T17:23:04","modified_gmt":"2026-01-03T17:23:04","slug":"blog","status":"publish","type":"page","link":"https:\/\/alimertseker.com.tr\/?page_id=38","title":{"rendered":"HAKKIMDA"},"content":{"rendered":"\t\t<div data-elementor-type=\"wp-page\" data-elementor-id=\"38\" class=\"elementor elementor-38\">\n\t\t\t\t<div class=\"wd-negative-gap elementor-element elementor-element-9481a78 e-flex e-con-boxed e-con e-parent\" data-id=\"9481a78\" data-element_type=\"container\">\n\t\t\t\t\t<div class=\"e-con-inner\">\n\t\t\t\t<div class=\"elementor-element elementor-element-341a754 elementor-widget elementor-widget-wd_text_block\" data-id=\"341a754\" data-element_type=\"widget\" data-widget_type=\"wd_text_block.default\">\n\t\t\t\t<div class=\"elementor-widget-container\">\n\t\t\t\t\t\t\t<div class=\"wd-text-block reset-last-child text-left\">\n\t\t\t\n\t\t\t<h4>2020-2021 Lisans Fenerbah\u00e7e \u00dcniversitesi \u0130ktisadi ve \u0130dari Bilimler Fak\u00fcltesi Y\u00f6netim Bili\u015fim Sistemleri<\/h4><h4>2024-2025 \u00d6nLisans Ayd\u0131n Adnan Menderes Meslek Y\u00fcksekokulu Bilgisayar Programc\u0131l\u0131\u011f\u0131<\/h4>\n\t\t\t\t\t<\/div>\n\t\t\t\t\t\t<\/div>\n\t\t\t\t<\/div>\n\t\t\t\t<div class=\"elementor-element elementor-element-ab8638a elementor-widget elementor-widget-image\" data-id=\"ab8638a\" data-element_type=\"widget\" data-widget_type=\"image.default\">\n\t\t\t\t\t\t\t\t\t\t\t\t\t\t\t<img loading=\"lazy\" decoding=\"async\" width=\"700\" height=\"800\" src=\"https:\/\/alimertseker.com.tr\/wp-content\/uploads\/2021\/10\/minimalism-product-4-1.jpg\" class=\"attachment-large size-large wp-image-4562\" alt=\"\" \/>\t\t\t\t\t\t\t\t\t\t\t\t\t\t\t<\/div>\n\t\t\t\t\t<\/div>\n\t\t\t\t<\/div>\n\t\t\t\t<\/div>\n\t\t","protected":false},"excerpt":{"rendered":"<p>2020-2021 Lisans Fenerbah\u00e7e \u00dcniversitesi \u0130ktisadi ve \u0130dari Bilimler Fak\u00fcltesi Y\u00f6netim Bili\u015fim Sistemleri 2024-2025 \u00d6nLisans Ayd\u0131n Adnan Menderes Meslek Y\u00fcksekokulu Bilgisayar<\/p>\n","protected":false},"author":1,"featured_media":0,"parent":0,"menu_order":0,"comment_status":"closed","ping_status":"closed","template":"","meta":{"footnotes":""},"class_list":["post-38","page","type-page","status-publish","hentry"],"_links":{"self":[{"href":"https:\/\/alimertseker.com.tr\/index.php?rest_route=\/wp\/v2\/pages\/38","targetHints":{"allow":["GET"]}}],"collection":[{"href":"https:\/\/alimertseker.com.tr\/index.php?rest_route=\/wp\/v2\/pages"}],"about":[{"href":"https:\/\/alimertseker.com.tr\/index.php?rest_route=\/wp\/v2\/types\/page"}],"author":[{"embeddable":true,"href":"https:\/\/alimertseker.com.tr\/index.php?rest_route=\/wp\/v2\/users\/1"}],"replies":[{"embeddable":true,"href":"https:\/\/alimertseker.com.tr\/index.php?rest_route=%2Fwp%2Fv2%2Fcomments&post=38"}],"version-history":[{"count":4,"href":"https:\/\/alimertseker.com.tr\/index.php?rest_route=\/wp\/v2\/pages\/38\/revisions"}],"predecessor-version":[{"id":29049,"href":"https:\/\/alimertseker.com.tr\/index.php?rest_route=\/wp\/v2\/pages\/38\/revisions\/29049"}],"wp:attachment":[{"href":"https:\/\/alimertseker.com.tr\/index.php?rest_route=%2Fwp%2Fv2%2Fmedia&parent=38"}],"curies":[{"name":"wp","href":"https:\/\/api.w.org\/{rel}","templated":true}]}}