{"id":51,"date":"2021-08-26T12:22:55","date_gmt":"2021-08-26T12:22:55","guid":{"rendered":"http:\/\/dummy.xtemos.com\/woodmart2\/elementor\/?page_id=51"},"modified":"2026-01-03T17:23:24","modified_gmt":"2026-01-03T17:23:24","slug":"portfolio","status":"publish","type":"page","link":"https:\/\/alimertseker.com.tr\/?page_id=51","title":{"rendered":"\u00c7ALI\u015eMALARIM"},"content":{"rendered":"\t\t<div data-elementor-type=\"wp-page\" data-elementor-id=\"51\" class=\"elementor elementor-51\">\n\t\t\t\t<div class=\"wd-negative-gap elementor-element elementor-element-15c93af e-flex e-con-boxed e-con e-parent\" data-id=\"15c93af\" data-element_type=\"container\">\n\t\t\t\t\t<div class=\"e-con-inner\">\n\t\t\t\t<div class=\"elementor-element elementor-element-59430dc elementor-widget elementor-widget-image\" data-id=\"59430dc\" data-element_type=\"widget\" data-widget_type=\"image.default\">\n\t\t\t\t\t\t\t\t\t\t\t\t\t\t\t<img loading=\"lazy\" decoding=\"async\" width=\"1300\" height=\"700\" src=\"https:\/\/alimertseker.com.tr\/wp-content\/uploads\/2026\/01\/Ekran-goruntusu-2026-01-03-192042-1-1300x700.png\" class=\"attachment-large size-large wp-image-29036\" alt=\"\" srcset=\"https:\/\/alimertseker.com.tr\/wp-content\/uploads\/2026\/01\/Ekran-goruntusu-2026-01-03-192042-1-1300x700.png 1300w, https:\/\/alimertseker.com.tr\/wp-content\/uploads\/2026\/01\/Ekran-goruntusu-2026-01-03-192042-1-400x215.png 400w, https:\/\/alimertseker.com.tr\/wp-content\/uploads\/2026\/01\/Ekran-goruntusu-2026-01-03-192042-1-768x414.png 768w, https:\/\/alimertseker.com.tr\/wp-content\/uploads\/2026\/01\/Ekran-goruntusu-2026-01-03-192042-1-1536x828.png 1536w, https:\/\/alimertseker.com.tr\/wp-content\/uploads\/2026\/01\/Ekran-goruntusu-2026-01-03-192042-1-430x232.png 430w, https:\/\/alimertseker.com.tr\/wp-content\/uploads\/2026\/01\/Ekran-goruntusu-2026-01-03-192042-1-700x377.png 700w, https:\/\/alimertseker.com.tr\/wp-content\/uploads\/2026\/01\/Ekran-goruntusu-2026-01-03-192042-1-150x81.png 150w, https:\/\/alimertseker.com.tr\/wp-content\/uploads\/2026\/01\/Ekran-goruntusu-2026-01-03-192042-1.png 1897w\" sizes=\"auto, (max-width: 1300px) 100vw, 1300px\" \/>\t\t\t\t\t\t\t\t\t\t\t\t\t\t\t<\/div>\n\t\t\t\t\t<\/div>\n\t\t\t\t<\/div>\n\t\t<div class=\"wd-negative-gap elementor-element elementor-element-3cdf28f e-flex e-con-boxed e-con e-parent\" data-id=\"3cdf28f\" data-element_type=\"container\">\n\t\t\t\t\t<div class=\"e-con-inner\">\n\t\t\t\t<div class=\"elementor-element elementor-element-05983b4 elementor-widget elementor-widget-wd_text_block\" data-id=\"05983b4\" data-element_type=\"widget\" data-widget_type=\"wd_text_block.default\">\n\t\t\t\t<div class=\"elementor-widget-container\">\n\t\t\t\t\t\t\t<div class=\"wd-text-block reset-last-child text-left\">\n\t\t\t\n\t\t\t<p>\u015eanda okul otomasyon sistemi \u00fczerinde \u00e7al\u0131\u015ft\u0131\u011f\u0131m ve geli\u015ftirdi\u011fi proje \u00fczerinde \u00e7al\u0131\u015f\u0131yorum.<\/p>\n\t\t\t\t\t<\/div>\n\t\t\t\t\t\t<\/div>\n\t\t\t\t<\/div>\n\t\t\t\t\t<\/div>\n\t\t\t\t<\/div>\n\t\t\t\t<\/div>\n\t\t","protected":false},"excerpt":{"rendered":"<p>\u015eanda okul otomasyon sistemi \u00fczerinde \u00e7al\u0131\u015ft\u0131\u011f\u0131m ve geli\u015ftirdi\u011fi proje \u00fczerinde \u00e7al\u0131\u015f\u0131yorum.<\/p>\n","protected":false},"author":1,"featured_media":0,"parent":0,"menu_order":0,"comment_status":"closed","ping_status":"closed","template":"","meta":{"footnotes":""},"class_list":["post-51","page","type-page","status-publish","hentry"],"_links":{"self":[{"href":"https:\/\/alimertseker.com.tr\/index.php?rest_route=\/wp\/v2\/pages\/51","targetHints":{"allow":["GET"]}}],"collection":[{"href":"https:\/\/alimertseker.com.tr\/index.php?rest_route=\/wp\/v2\/pages"}],"about":[{"href":"https:\/\/alimertseker.com.tr\/index.php?rest_route=\/wp\/v2\/types\/page"}],"author":[{"embeddable":true,"href":"https:\/\/alimertseker.com.tr\/index.php?rest_route=\/wp\/v2\/users\/1"}],"replies":[{"embeddable":true,"href":"https:\/\/alimertseker.com.tr\/index.php?rest_route=%2Fwp%2Fv2%2Fcomments&post=51"}],"version-history":[{"count":4,"href":"https:\/\/alimertseker.com.tr\/index.php?rest_route=\/wp\/v2\/pages\/51\/revisions"}],"predecessor-version":[{"id":29050,"href":"https:\/\/alimertseker.com.tr\/index.php?rest_route=\/wp\/v2\/pages\/51\/revisions\/29050"}],"wp:attachment":[{"href":"https:\/\/alimertseker.com.tr\/index.php?rest_route=%2Fwp%2Fv2%2Fmedia&parent=51"}],"curies":[{"name":"wp","href":"https:\/\/api.w.org\/{rel}","templated":true}]}}